{"id":827,"date":"2024-09-29T15:01:18","date_gmt":"2024-09-29T13:01:18","guid":{"rendered":"https:\/\/coeurdepirates.fr\/?page_id=827"},"modified":"2024-09-29T21:00:17","modified_gmt":"2024-09-29T19:00:17","slug":"pre-inscription","status":"publish","type":"page","link":"https:\/\/coeurdepirates.fr\/index.php\/pre-inscription\/","title":{"rendered":"Pr\u00e9-Inscription"},"content":{"rendered":"\n<div class=\"wp-block-contact-form-7-contact-form-selector\">\n<div class=\"wpcf7 no-js\" id=\"wpcf7-f921-o1\" lang=\"fr-FR\" dir=\"ltr\" data-wpcf7-id=\"921\">\n<div class=\"screen-reader-response\"><p role=\"status\" aria-live=\"polite\" aria-atomic=\"true\"><\/p> <ul><\/ul><\/div>\n<form action=\"\/index.php\/wp-json\/wp\/v2\/pages\/827#wpcf7-f921-o1\" method=\"post\" class=\"wpcf7-form init\" aria-label=\"Formulaire de contact\" novalidate=\"novalidate\" data-status=\"init\">\n<div style=\"display: none;\">\n<input type=\"hidden\" name=\"_wpcf7\" value=\"921\" \/>\n<input type=\"hidden\" name=\"_wpcf7_version\" value=\"6.0.3\" \/>\n<input type=\"hidden\" name=\"_wpcf7_locale\" value=\"fr_FR\" \/>\n<input type=\"hidden\" name=\"_wpcf7_unit_tag\" value=\"wpcf7-f921-o1\" \/>\n<input type=\"hidden\" name=\"_wpcf7_container_post\" value=\"0\" \/>\n<input type=\"hidden\" name=\"_wpcf7_posted_data_hash\" value=\"\" \/>\n<\/div>\n<p><label>INFORMATIONS DE L'ENFANT :<\/label>\n<\/p>\n<p><label>Nom & Pr\u00e9nom de l'enfant :<\/label><br \/>\n<span class=\"wpcf7-form-control-wrap\" data-name=\"enfant-nom-prenom\"><input size=\"40\" maxlength=\"400\" class=\"wpcf7-form-control wpcf7-text wpcf7-validates-as-required\" aria-required=\"true\" aria-invalid=\"false\" value=\"\" type=\"text\" name=\"enfant-nom-prenom\" \/><\/span>\n<\/p>\n<p><label>Date de naissance de l'enfant :<\/label><br \/>\n<span class=\"wpcf7-form-control-wrap\" data-name=\"date-naissance-enfant\"><input class=\"wpcf7-form-control wpcf7-date wpcf7-validates-as-date\" aria-invalid=\"false\" value=\"\" type=\"date\" name=\"date-naissance-enfant\" \/><\/span>\n<\/p>\n<p><label>INFORMATIONS DU RESPONSABLE L\u00c9GAL DE L'ENFANT :<\/label>\n<\/p>\n<p><label>Nom & Pr\u00e9nom du responsable l\u00e9gal :<\/label><br \/>\n<span class=\"wpcf7-form-control-wrap\" data-name=\"parent-nom-prenom\"><input size=\"40\" maxlength=\"400\" class=\"wpcf7-form-control wpcf7-text wpcf7-validates-as-required\" aria-required=\"true\" aria-invalid=\"false\" value=\"\" type=\"text\" name=\"parent-nom-prenom\" \/><\/span>\n<\/p>\n<p><label>Adresse postale :<\/label><br \/>\n<span class=\"wpcf7-form-control-wrap\" data-name=\"adresse-postale\"><input size=\"40\" maxlength=\"400\" class=\"wpcf7-form-control wpcf7-text wpcf7-validates-as-required\" aria-required=\"true\" aria-invalid=\"false\" value=\"\" type=\"text\" name=\"adresse-postale\" \/><\/span>\n<\/p>\n<p><label>Num\u00e9ro de t\u00e9l\u00e9phone :<\/label><br \/>\n<span class=\"wpcf7-form-control-wrap\" data-name=\"tel-parent\"><input size=\"40\" maxlength=\"400\" class=\"wpcf7-form-control wpcf7-tel wpcf7-validates-as-required wpcf7-text wpcf7-validates-as-tel\" aria-required=\"true\" aria-invalid=\"false\" value=\"\" type=\"tel\" name=\"tel-parent\" \/><\/span>\n<\/p>\n<p><label>Adresse mail du responsable l\u00e9gal :<\/label><br \/>\n<span class=\"wpcf7-form-control-wrap\" data-name=\"email-parent\"><input size=\"40\" maxlength=\"400\" class=\"wpcf7-form-control wpcf7-email wpcf7-validates-as-required wpcf7-text wpcf7-validates-as-email\" aria-required=\"true\" aria-invalid=\"false\" value=\"\" type=\"email\" name=\"email-parent\" \/><\/span>\n<\/p>\n<p><label>INFORMATIONS SUR L'ACCUEIL :<\/label>\n<\/p>\n<p><label>Jours & Horaires d'accueil :<\/label><br \/>\n<span class=\"wpcf7-form-control-wrap\" data-name=\"LUNDI\"><span class=\"wpcf7-form-control wpcf7-checkbox\"><span class=\"wpcf7-list-item first last\"><input type=\"checkbox\" name=\"LUNDI[]\" value=\"Lundi\" \/><span class=\"wpcf7-list-item-label\">Lundi<\/span><\/span><\/span><\/span> \ud83d\udd50: <span class=\"wpcf7-form-control-wrap\" data-name=\"heure-debut-lundi\"><input class=\"wpcf7-form-control wpcf7-number wpcf7-validates-as-number\" min=\"0\" max=\"24\" aria-invalid=\"false\" value=\"\" type=\"number\" name=\"heure-debut-lundi\" \/><\/span>H - <span class=\"wpcf7-form-control-wrap\" data-name=\"heure-fin-lundi\"><input class=\"wpcf7-form-control wpcf7-number wpcf7-validates-as-number\" min=\"0\" max=\"24\" aria-invalid=\"false\" value=\"\" type=\"number\" name=\"heure-fin-lundi\" \/><\/span>H<br \/>\n<span class=\"wpcf7-form-control-wrap\" data-name=\"MARDI\"><span class=\"wpcf7-form-control wpcf7-checkbox\"><span class=\"wpcf7-list-item first last\"><input type=\"checkbox\" name=\"MARDI[]\" value=\"Mardi\" \/><span class=\"wpcf7-list-item-label\">Mardi<\/span><\/span><\/span><\/span> \ud83d\udd50: <span class=\"wpcf7-form-control-wrap\" data-name=\"heure-debut-mardi\"><input class=\"wpcf7-form-control wpcf7-number wpcf7-validates-as-number\" min=\"0\" max=\"24\" aria-invalid=\"false\" value=\"\" type=\"number\" name=\"heure-debut-mardi\" \/><\/span>H - <span class=\"wpcf7-form-control-wrap\" data-name=\"heure-fin-mardi\"><input class=\"wpcf7-form-control wpcf7-number wpcf7-validates-as-number\" min=\"0\" max=\"24\" aria-invalid=\"false\" value=\"\" type=\"number\" name=\"heure-fin-mardi\" \/><\/span>H<br \/>\n<span class=\"wpcf7-form-control-wrap\" data-name=\"MERCREDI\"><span class=\"wpcf7-form-control wpcf7-checkbox\"><span class=\"wpcf7-list-item first last\"><input type=\"checkbox\" name=\"MERCREDI[]\" value=\"Mercredi\" \/><span class=\"wpcf7-list-item-label\">Mercredi<\/span><\/span><\/span><\/span> \ud83d\udd50: <span class=\"wpcf7-form-control-wrap\" data-name=\"heure-debut-mercredi\"><input class=\"wpcf7-form-control wpcf7-number wpcf7-validates-as-number\" min=\"0\" max=\"24\" aria-invalid=\"false\" value=\"\" type=\"number\" name=\"heure-debut-mercredi\" \/><\/span>H - <span class=\"wpcf7-form-control-wrap\" data-name=\"heure-fin-mercredi\"><input class=\"wpcf7-form-control wpcf7-number wpcf7-validates-as-number\" min=\"0\" max=\"24\" aria-invalid=\"false\" value=\"\" type=\"number\" name=\"heure-fin-mercredi\" \/><\/span>H<br \/>\n<span class=\"wpcf7-form-control-wrap\" data-name=\"JEUDI\"><span class=\"wpcf7-form-control wpcf7-checkbox\"><span class=\"wpcf7-list-item first last\"><input type=\"checkbox\" name=\"JEUDI[]\" value=\"Jeudi\" \/><span class=\"wpcf7-list-item-label\">Jeudi<\/span><\/span><\/span><\/span> \ud83d\udd50: <span class=\"wpcf7-form-control-wrap\" data-name=\"heure-debut-jeudi\"><input class=\"wpcf7-form-control wpcf7-number wpcf7-validates-as-number\" min=\"0\" max=\"24\" aria-invalid=\"false\" value=\"\" type=\"number\" name=\"heure-debut-jeudi\" \/><\/span>H - <span class=\"wpcf7-form-control-wrap\" data-name=\"heure-fin-jeudi\"><input class=\"wpcf7-form-control wpcf7-number wpcf7-validates-as-number\" min=\"0\" max=\"24\" aria-invalid=\"false\" value=\"\" type=\"number\" name=\"heure-fin-jeudi\" \/><\/span>H<br \/>\n<span class=\"wpcf7-form-control-wrap\" data-name=\"VENDREDI\"><span class=\"wpcf7-form-control wpcf7-checkbox\"><span class=\"wpcf7-list-item first last\"><input type=\"checkbox\" name=\"VENDREDI[]\" value=\"Vendredi\" \/><span class=\"wpcf7-list-item-label\">Vendredi<\/span><\/span><\/span><\/span> \ud83d\udd50: <span class=\"wpcf7-form-control-wrap\" data-name=\"heure-debut-vendredi\"><input class=\"wpcf7-form-control wpcf7-number wpcf7-validates-as-number\" min=\"0\" max=\"24\" aria-invalid=\"false\" value=\"\" type=\"number\" name=\"heure-debut-vendredi\" \/><\/span>H - <span class=\"wpcf7-form-control-wrap\" data-name=\"heure-fin-vendredi\"><input class=\"wpcf7-form-control wpcf7-number wpcf7-validates-as-number\" min=\"0\" max=\"24\" aria-invalid=\"false\" value=\"\" type=\"number\" name=\"heure-fin-vendredi\" \/><\/span>H\n<\/p>\n<p><label>ACCUEIL SOUHAIT\u00c9 \u00c0 PARTIR DU :<\/label><br \/>\n<span class=\"wpcf7-form-control-wrap\" data-name=\"date-271\"><input class=\"wpcf7-form-control wpcf7-date wpcf7-validates-as-required wpcf7-validates-as-date\" aria-required=\"true\" aria-invalid=\"false\" value=\"date-accueil\" type=\"date\" name=\"date-271\" \/><\/span>\n<\/p>\n<p><label>Informations compl\u00e9mentaires (facultatif) :<\/label><br \/>\n<span class=\"wpcf7-form-control-wrap\" data-name=\"informations-complementaires\"><textarea cols=\"40\" rows=\"10\" maxlength=\"2000\" class=\"wpcf7-form-control wpcf7-textarea\" aria-invalid=\"false\" name=\"informations-complementaires\"><\/textarea><\/span>\n<\/p>\n<p><input class=\"wpcf7-form-control wpcf7-submit has-spinner\" type=\"submit\" value=\"ENVOYER\" \/>\n<\/p><div class=\"wpcf7-response-output\" aria-hidden=\"true\"><\/div>\n<\/form>\n<\/div>\n<\/div>\n","protected":false},"excerpt":{"rendered":"","protected":false},"author":1,"featured_media":0,"parent":0,"menu_order":0,"comment_status":"closed","ping_status":"closed","template":"","meta":{"_monsterinsights_skip_tracking":false,"_monsterinsights_sitenote_active":false,"_monsterinsights_sitenote_note":"","_monsterinsights_sitenote_category":0,"ngg_post_thumbnail":0,"footnotes":""},"class_list":["post-827","page","type-page","status-publish","hentry"],"_links":{"self":[{"href":"https:\/\/coeurdepirates.fr\/index.php\/wp-json\/wp\/v2\/pages\/827","targetHints":{"allow":["GET"]}}],"collection":[{"href":"https:\/\/coeurdepirates.fr\/index.php\/wp-json\/wp\/v2\/pages"}],"about":[{"href":"https:\/\/coeurdepirates.fr\/index.php\/wp-json\/wp\/v2\/types\/page"}],"author":[{"embeddable":true,"href":"https:\/\/coeurdepirates.fr\/index.php\/wp-json\/wp\/v2\/users\/1"}],"replies":[{"embeddable":true,"href":"https:\/\/coeurdepirates.fr\/index.php\/wp-json\/wp\/v2\/comments?post=827"}],"version-history":[{"count":2,"href":"https:\/\/coeurdepirates.fr\/index.php\/wp-json\/wp\/v2\/pages\/827\/revisions"}],"predecessor-version":[{"id":922,"href":"https:\/\/coeurdepirates.fr\/index.php\/wp-json\/wp\/v2\/pages\/827\/revisions\/922"}],"wp:attachment":[{"href":"https:\/\/coeurdepirates.fr\/index.php\/wp-json\/wp\/v2\/media?parent=827"}],"curies":[{"name":"wp","href":"https:\/\/api.w.org\/{rel}","templated":true}]}}