{"id":532,"date":"2020-11-08T21:08:58","date_gmt":"2020-11-08T20:08:58","guid":{"rendered":"https:\/\/coeurdepirates.fr\/?page_id=532"},"modified":"2024-02-27T18:51:30","modified_gmt":"2024-02-27T17:51:30","slug":"contrats","status":"publish","type":"page","link":"https:\/\/coeurdepirates.fr\/index.php\/modalites\/contrats\/","title":{"rendered":"Contrats"},"content":{"rendered":"\n<div style=\"height:64px\" aria-hidden=\"true\" class=\"wp-block-spacer\"><\/div>\n\n\n\n<p><strong>Nous pouvons accueillir 12 enfants simultan\u00e9ment de 2 mois et demi \u00e0 4 ans<br>du lundi au vendredi de 8 h 00 \u00e0 18 h 00 (modulables en fonction des contrats)<\/strong><\/p>\n\n\n\n<p>Si vous souhaitez plus d\u2019informations ou un rendez-vous, vous pouvez nous contacter par mail&nbsp;: <a href=\"mailto:mam.coeurdepirates@gmail.com\" target=\"_blank\" rel=\"noreferrer noopener\">mam.coeurdepirates@gmail.com<\/a><\/p>\n\n\n<div class=\"wp-block-image is-style-default\">\n<figure class=\"alignright size-full is-resized\"><img loading=\"lazy\" decoding=\"async\" width=\"247\" height=\"175\" src=\"https:\/\/coeurdepirates.fr\/wp-content\/uploads\/2020\/11\/unnamed-1.jpg\" alt=\"\" class=\"wp-image-555\" style=\"width:247px;height:175px\"\/><\/figure><\/div>\n\n\n<p><\/p>\n\n\n\n<p><\/p>\n","protected":false},"excerpt":{"rendered":"<p>Nous pouvons accueillir 12 enfants simultan\u00e9ment de 2 mois et demi \u00e0 4 ansdu lundi au vendredi de 8 h 00 \u00e0 18 h 00 (modulables en fonction des contrats) Si vous souhaitez plus d\u2019informations ou un rendez-vous, vous pouvez &hellip; <\/p>\n","protected":false},"author":1,"featured_media":0,"parent":524,"menu_order":0,"comment_status":"closed","ping_status":"closed","template":"","meta":{"_monsterinsights_skip_tracking":false,"_monsterinsights_sitenote_active":false,"_monsterinsights_sitenote_note":"","_monsterinsights_sitenote_category":0,"ngg_post_thumbnail":0,"footnotes":""},"class_list":["post-532","page","type-page","status-publish","hentry"],"_links":{"self":[{"href":"https:\/\/coeurdepirates.fr\/index.php\/wp-json\/wp\/v2\/pages\/532","targetHints":{"allow":["GET"]}}],"collection":[{"href":"https:\/\/coeurdepirates.fr\/index.php\/wp-json\/wp\/v2\/pages"}],"about":[{"href":"https:\/\/coeurdepirates.fr\/index.php\/wp-json\/wp\/v2\/types\/page"}],"author":[{"embeddable":true,"href":"https:\/\/coeurdepirates.fr\/index.php\/wp-json\/wp\/v2\/users\/1"}],"replies":[{"embeddable":true,"href":"https:\/\/coeurdepirates.fr\/index.php\/wp-json\/wp\/v2\/comments?post=532"}],"version-history":[{"count":8,"href":"https:\/\/coeurdepirates.fr\/index.php\/wp-json\/wp\/v2\/pages\/532\/revisions"}],"predecessor-version":[{"id":727,"href":"https:\/\/coeurdepirates.fr\/index.php\/wp-json\/wp\/v2\/pages\/532\/revisions\/727"}],"up":[{"embeddable":true,"href":"https:\/\/coeurdepirates.fr\/index.php\/wp-json\/wp\/v2\/pages\/524"}],"wp:attachment":[{"href":"https:\/\/coeurdepirates.fr\/index.php\/wp-json\/wp\/v2\/media?parent=532"}],"curies":[{"name":"wp","href":"https:\/\/api.w.org\/{rel}","templated":true}]}}