{"id":524,"date":"2020-11-08T21:01:31","date_gmt":"2020-11-08T20:01:31","guid":{"rendered":"https:\/\/coeurdepirates.fr\/?page_id=524"},"modified":"2023-03-14T21:47:13","modified_gmt":"2023-03-14T20:47:13","slug":"modalites","status":"publish","type":"page","link":"https:\/\/coeurdepirates.fr\/index.php\/modalites\/","title":{"rendered":"MODALIT\u00c9S"},"content":{"rendered":"\n<div style=\"height:100px\" aria-hidden=\"true\" class=\"wp-block-spacer\"><\/div>\n\n\n\n<h2 class=\"has-vivid-cyan-blue-color has-text-color wp-block-heading\"><a href=\"https:\/\/coeurdepirates.fr\/index.php\/modalites\/contrats\/\" data-type=\"page\" data-id=\"532\">Contrats<\/a><\/h2>\n\n\n\n<h3 class=\"has-black-color has-text-color wp-block-heading\">Nous pouvons accueillir 12 enfants simultan\u00e9ment de 0 \u00e0 4 ans.<br>Ouvert du lundi au vendredi de 7 h45 \u00e0 18h00 (modulables en fonction des contrats) <a href=\"https:\/\/coeurdepirates.fr\/index.php\/modalites\/contrats\/\" data-type=\"page\" data-id=\"532\">cliquez ici pour lire la suite<\/a><\/h3>\n\n\n\n<div class=\"wp-block-image is-style-default\"><figure class=\"aligncenter size-large\"><a href=\"https:\/\/coeurdepirates.fr\/index.php\/modalites\/contrats\/\"><img loading=\"lazy\" decoding=\"async\" width=\"247\" height=\"175\" src=\"https:\/\/coeurdepirates.fr\/wp-content\/uploads\/2020\/11\/unnamed.jpg\" alt=\"\" class=\"wp-image-551\"\/><\/a><\/figure><\/div>\n\n\n\n<div style=\"height:100px\" aria-hidden=\"true\" class=\"wp-block-spacer\"><\/div>\n\n\n\n<h2 class=\"has-vivid-cyan-blue-color has-text-color wp-block-heading\"><\/h2>\n\n\n\n<h3 class=\"wp-block-heading\"><\/h3>\n","protected":false},"excerpt":{"rendered":"<p>Contrats Nous pouvons accueillir 12 enfants simultan\u00e9ment de 0 \u00e0 4 ans.Ouvert du lundi au vendredi de 7 h45 \u00e0 18h00 (modulables en fonction des contrats) cliquez ici pour lire la suite<\/p>\n","protected":false},"author":1,"featured_media":0,"parent":0,"menu_order":0,"comment_status":"closed","ping_status":"closed","template":"","meta":{"_monsterinsights_skip_tracking":false,"_monsterinsights_sitenote_active":false,"_monsterinsights_sitenote_note":"","_monsterinsights_sitenote_category":0,"ngg_post_thumbnail":0,"footnotes":""},"class_list":["post-524","page","type-page","status-publish","hentry"],"_links":{"self":[{"href":"https:\/\/coeurdepirates.fr\/index.php\/wp-json\/wp\/v2\/pages\/524","targetHints":{"allow":["GET"]}}],"collection":[{"href":"https:\/\/coeurdepirates.fr\/index.php\/wp-json\/wp\/v2\/pages"}],"about":[{"href":"https:\/\/coeurdepirates.fr\/index.php\/wp-json\/wp\/v2\/types\/page"}],"author":[{"embeddable":true,"href":"https:\/\/coeurdepirates.fr\/index.php\/wp-json\/wp\/v2\/users\/1"}],"replies":[{"embeddable":true,"href":"https:\/\/coeurdepirates.fr\/index.php\/wp-json\/wp\/v2\/comments?post=524"}],"version-history":[{"count":14,"href":"https:\/\/coeurdepirates.fr\/index.php\/wp-json\/wp\/v2\/pages\/524\/revisions"}],"predecessor-version":[{"id":725,"href":"https:\/\/coeurdepirates.fr\/index.php\/wp-json\/wp\/v2\/pages\/524\/revisions\/725"}],"wp:attachment":[{"href":"https:\/\/coeurdepirates.fr\/index.php\/wp-json\/wp\/v2\/media?parent=524"}],"curies":[{"name":"wp","href":"https:\/\/api.w.org\/{rel}","templated":true}]}}